{"id":11,"date":"2025-05-28T22:37:50","date_gmt":"2025-05-28T22:37:50","guid":{"rendered":"https:\/\/web.nas.dewwwe.com\/Ecco-Eco\/?page_id=11"},"modified":"2025-07-23T16:32:52","modified_gmt":"2025-07-23T15:32:52","slug":"notre-vision","status":"publish","type":"page","link":"https:\/\/web.nas.dewwwe.com\/Ecco-Eco\/lagence\/notre-vision\/","title":{"rendered":"Notre vision : un mod\u00e8le unique"},"content":{"rendered":"\t\t<div data-elementor-type=\"wp-page\" data-elementor-id=\"11\" class=\"elementor elementor-11\">\n\t\t\t\t<div class=\"elementor-element elementor-element-e99a4ac e-con-full e-flex e-con e-parent\" data-id=\"e99a4ac\" data-element_type=\"container\">\n\t\t\t\t<div class=\"elementor-element elementor-element-525f919 elementor-widget elementor-widget-heading\" data-id=\"525f919\" data-element_type=\"widget\" data-widget_type=\"heading.default\">\n\t\t\t\t<div class=\"elementor-widget-container\">\n\t\t\t\t\t<h3 class=\"elementor-heading-title elementor-size-default\">Les projets sont de toutes natures et de toutes tailles<\/h3>\t\t\t\t<\/div>\n\t\t\t\t<\/div>\n\t\t\t\t<div class=\"elementor-element elementor-element-ce6538a elementor-widget elementor-widget-text-editor\" data-id=\"ce6538a\" data-element_type=\"widget\" data-widget_type=\"text-editor.default\">\n\t\t\t\t<div class=\"elementor-widget-container\">\n\t\t\t\t\t\t\t\t\t<ul><li>Neuf et r\u00e9novation<\/li><li>Gros \u0153uvre et int\u00e9rieur<\/li><li>Individuel, collectif ou terttiaire.<\/li><\/ul><p>Certes nous sommes passionn\u00e9s et portons une vraie ambition architecturale comme tous nos confr\u00e8res mais nous n\u2019oublions pas que nous sommes un m\u00e9tier de service et vous \u00eates l\u2019objet de ce service. Nous vous avons \u00e9cout\u00e9 et voici ce que vous nous avez avou\u00e9 en verbatim ainsi que nos 3 propositions de r\u00e9ponse :<\/p>\t\t\t\t\t\t\t\t<\/div>\n\t\t\t\t<\/div>\n\t\t\t\t<div class=\"elementor-element elementor-element-3b329e6 elementor-alert-info elementor-widget elementor-widget-alert\" data-id=\"3b329e6\" data-element_type=\"widget\" data-widget_type=\"alert.default\">\n\t\t\t\t<div class=\"elementor-widget-container\">\n\t\t\t\t\t\t\t<div class=\"elementor-alert\" role=\"alert\">\n\n\t\t\t\n\t\t\t\t\t\t<span class=\"elementor-alert-description\">Je suis tr\u00e8s motiv\u00e9 par l\u2019achat d\u2019un terrain ou d\u2019un bien \u00e0 r\u00e9nover et j\u2019aurais bien besoin d\u2019\u00eatre conseill\u00e9 par un architecte quant \u00e0 la pertinence de la transaction. Cependant, je n\u2019ose pas le faire car je ne connais pas le co\u00fbt et ne veut pas m\u2019engager \u00e0 ce stade ?<\/span>\n\t\t\t\n\t\t\t\n\t\t<\/div>\n\t\t\t\t\t\t<\/div>\n\t\t\t\t<\/div>\n\t\t\t\t<div class=\"elementor-element elementor-element-24e77b8 elementor-widget elementor-widget-spacer\" data-id=\"24e77b8\" data-element_type=\"widget\" data-widget_type=\"spacer.default\">\n\t\t\t\t<div class=\"elementor-widget-container\">\n\t\t\t\t\t\t\t<div class=\"elementor-spacer\">\n\t\t\t<div class=\"elementor-spacer-inner\"><\/div>\n\t\t<\/div>\n\t\t\t\t\t\t<\/div>\n\t\t\t\t<\/div>\n\t\t\t\t<\/div>\n\t\t<div class=\"elementor-element elementor-element-7b0e286 e-con-full e-flex e-con e-parent\" data-id=\"7b0e286\" data-element_type=\"container\">\n\t\t\t\t<div class=\"elementor-element elementor-element-346db3b elementor-widget elementor-widget-text-editor\" data-id=\"346db3b\" data-element_type=\"widget\" data-widget_type=\"text-editor.default\">\n\t\t\t\t<div class=\"elementor-widget-container\">\n\t\t\t\t\t\t\t\t\t<p><span style=\"color: #a0c51b;\"><strong>Avant l\u2019achat :<\/strong><\/span>\u00a0Ecco-eco vous propose le \u00ab diagnostic architecture confiance \u00bb, \u00e0 l\u2019unit\u00e9 ou sous la forme d\u2019un droit \u00e0 5 diagnostics \u00e0 prix fix\u00e9.<br \/><span style=\"color: #a0c51b;\"><strong>Principe :<\/strong><\/span> Un bien vous int\u00e9resse, ecco-eco se rend sur place pour vous et \u00e9tudie les principaux risques li\u00e9s \u00e0 la faisabilit\u00e9 technique, \u00e9conomique et r\u00e9glementaire et vous rend un avis consultatif quant \u00e0 la pertinence de l\u2019achat.<\/p>\t\t\t\t\t\t\t\t<\/div>\n\t\t\t\t<\/div>\n\t\t\t\t<div class=\"elementor-element elementor-element-ff842a8 elementor-alert-info elementor-widget elementor-widget-alert\" data-id=\"ff842a8\" data-element_type=\"widget\" data-widget_type=\"alert.default\">\n\t\t\t\t<div class=\"elementor-widget-container\">\n\t\t\t\t\t\t\t<div class=\"elementor-alert\" role=\"alert\">\n\n\t\t\t\n\t\t\t\t\t\t<span class=\"elementor-alert-description\">Je cherche un architecte avec qui je peux r\u00e9ellement collaborer \u00e0 la conception de mon projet. Pour cela, il doit pleinement partager mes aspirations comme mes contraintes \u00e9conomiques !\u200b<\/span>\n\t\t\t\n\t\t\t\n\t\t<\/div>\n\t\t\t\t\t\t<\/div>\n\t\t\t\t<\/div>\n\t\t\t\t<div class=\"elementor-element elementor-element-40b8c18 elementor-widget elementor-widget-spacer\" data-id=\"40b8c18\" data-element_type=\"widget\" data-widget_type=\"spacer.default\">\n\t\t\t\t<div class=\"elementor-widget-container\">\n\t\t\t\t\t\t\t<div class=\"elementor-spacer\">\n\t\t\t<div class=\"elementor-spacer-inner\"><\/div>\n\t\t<\/div>\n\t\t\t\t\t\t<\/div>\n\t\t\t\t<\/div>\n\t\t\t\t<\/div>\n\t\t<div class=\"elementor-element elementor-element-2c26967 e-con-full e-flex e-con e-parent\" data-id=\"2c26967\" data-element_type=\"container\">\n\t\t\t\t<div class=\"elementor-element elementor-element-a84210d elementor-widget elementor-widget-text-editor\" data-id=\"a84210d\" data-element_type=\"widget\" data-widget_type=\"text-editor.default\">\n\t\t\t\t<div class=\"elementor-widget-container\">\n\t\t\t\t\t\t\t\t\t<p><span style=\"color: #a0c51b;\"><strong>A la conception :<\/strong><\/span>\u00a0Ecco-eco vous propose une \u00ab optimisation des co\u00fbts gagnant-ganant \u00bb.<br \/><span style=\"color: #a0c51b;\"><strong>Principe :<\/strong><\/span>\u00a0Ecco-eco \u00e9tablit un budget estimatif des travaux d\u2019un commun accord avec vous, sur la base d\u2019un avant-projet. A partir de ce budget, nous d\u00e9finissons une part fixe d\u2019honoraires. Ensuite, Ecco-eco recherche et consulte les meilleurs contractants possibles et dresse un premier chiffrage qu\u2019il ren\u00e9gocie dans le respect du cahier des charges. Une fraction des \u00e9conomies que vous r\u00e9alisez gr\u00e2ce \u00e0 notre action nous est revers\u00e9e en compl\u00e9ment des honoraires fixes.<\/p>\t\t\t\t\t\t\t\t<\/div>\n\t\t\t\t<\/div>\n\t\t\t\t<div class=\"elementor-element elementor-element-3e579a2 elementor-alert-info elementor-widget elementor-widget-alert\" data-id=\"3e579a2\" data-element_type=\"widget\" data-widget_type=\"alert.default\">\n\t\t\t\t<div class=\"elementor-widget-container\">\n\t\t\t\t\t\t\t<div class=\"elementor-alert\" role=\"alert\">\n\n\t\t\t\n\t\t\t\t\t\t<span class=\"elementor-alert-description\">L\u2019architecte est r\u00e9mun\u00e9r\u00e9 au pourcentage du montant des travaux donc, s\u2019il y a des impond\u00e9rables en cours de construction, je dois le payer davantage. Du coup, comment savoir \u00e0 l\u2019avance ce que mes co\u00fbtera r\u00e9ellement l\u2019architecte ?\u200b<\/span>\n\t\t\t\n\t\t\t\n\t\t<\/div>\n\t\t\t\t\t\t<\/div>\n\t\t\t\t<\/div>\n\t\t\t\t<div class=\"elementor-element elementor-element-062a678 elementor-widget elementor-widget-spacer\" data-id=\"062a678\" data-element_type=\"widget\" data-widget_type=\"spacer.default\">\n\t\t\t\t<div class=\"elementor-widget-container\">\n\t\t\t\t\t\t\t<div class=\"elementor-spacer\">\n\t\t\t<div class=\"elementor-spacer-inner\"><\/div>\n\t\t<\/div>\n\t\t\t\t\t\t<\/div>\n\t\t\t\t<\/div>\n\t\t\t\t<\/div>\n\t\t<div class=\"elementor-element elementor-element-71dc407 e-con-full e-flex e-con e-parent\" data-id=\"71dc407\" data-element_type=\"container\">\n\t\t\t\t<div class=\"elementor-element elementor-element-ddee20f elementor-widget elementor-widget-text-editor\" data-id=\"ddee20f\" data-element_type=\"widget\" data-widget_type=\"text-editor.default\">\n\t\t\t\t<div class=\"elementor-widget-container\">\n\t\t\t\t\t\t\t\t\t<p><span style=\"color: #a0c51b;\"><strong>Pour la phase ex\u00e9cution pour les chantiers de r\u00e9novation :<\/strong><\/span>\u00a0Ecco-eco vous propose une garantie \u00ab prix fixe \u00bb (option).<\/p><p><span style=\"color: #a0c51b;\"><strong>Principe :<\/strong><\/span>\u00a0Nous vous garantissons que le travail suppl\u00e9mentaire consacr\u00e9 \u00e0 la r\u00e9solution de probl\u00e8mes techniques impr\u00e9visibles n\u2019engendrera pas d\u2019honoraires additionnels (ex : massif rocheux d\u00e9couvert en sous-sol ou infiltrations ind\u00e9tectables avant travaux,\u2026)<\/p>\t\t\t\t\t\t\t\t<\/div>\n\t\t\t\t<\/div>\n\t\t\t\t<div class=\"elementor-element elementor-element-22d0df6 elementor-widget elementor-widget-spacer\" data-id=\"22d0df6\" data-element_type=\"widget\" data-widget_type=\"spacer.default\">\n\t\t\t\t<div class=\"elementor-widget-container\">\n\t\t\t\t\t\t\t<div class=\"elementor-spacer\">\n\t\t\t<div class=\"elementor-spacer-inner\"><\/div>\n\t\t<\/div>\n\t\t\t\t\t\t<\/div>\n\t\t\t\t<\/div>\n\t\t\t\t<\/div>\n\t\t\t\t<\/div>\n\t\t","protected":false},"excerpt":{"rendered":"<p>Les projets sont de toutes natures et de toutes tailles Neuf et r\u00e9novation Gros \u0153uvre et int\u00e9rieur Individuel, collectif ou terttiaire. Certes nous sommes passionn\u00e9s et portons une vraie ambition &hellip; <a class=\"kt-excerpt-readmore more-link\" href=\"https:\/\/web.nas.dewwwe.com\/Ecco-Eco\/lagence\/notre-vision\/\">Lire plus<\/a><\/p>\n","protected":false},"author":1,"featured_media":0,"parent":9,"menu_order":0,"comment_status":"closed","ping_status":"closed","template":"","meta":{"_acf_changed":false,"footnotes":""},"class_list":["post-11","page","type-page","status-publish","hentry"],"acf":[],"_links":{"self":[{"href":"https:\/\/web.nas.dewwwe.com\/Ecco-Eco\/wp-json\/wp\/v2\/pages\/11","targetHints":{"allow":["GET"]}}],"collection":[{"href":"https:\/\/web.nas.dewwwe.com\/Ecco-Eco\/wp-json\/wp\/v2\/pages"}],"about":[{"href":"https:\/\/web.nas.dewwwe.com\/Ecco-Eco\/wp-json\/wp\/v2\/types\/page"}],"author":[{"embeddable":true,"href":"https:\/\/web.nas.dewwwe.com\/Ecco-Eco\/wp-json\/wp\/v2\/users\/1"}],"replies":[{"embeddable":true,"href":"https:\/\/web.nas.dewwwe.com\/Ecco-Eco\/wp-json\/wp\/v2\/comments?post=11"}],"version-history":[{"count":23,"href":"https:\/\/web.nas.dewwwe.com\/Ecco-Eco\/wp-json\/wp\/v2\/pages\/11\/revisions"}],"predecessor-version":[{"id":537,"href":"https:\/\/web.nas.dewwwe.com\/Ecco-Eco\/wp-json\/wp\/v2\/pages\/11\/revisions\/537"}],"up":[{"embeddable":true,"href":"https:\/\/web.nas.dewwwe.com\/Ecco-Eco\/wp-json\/wp\/v2\/pages\/9"}],"wp:attachment":[{"href":"https:\/\/web.nas.dewwwe.com\/Ecco-Eco\/wp-json\/wp\/v2\/media?parent=11"}],"curies":[{"name":"wp","href":"https:\/\/api.w.org\/{rel}","templated":true}]}}