{"id":328,"date":"2025-07-16T15:23:29","date_gmt":"2025-07-16T14:23:29","guid":{"rendered":"https:\/\/web.nas.dewwwe.com\/Ecco-Eco\/?page_id=328"},"modified":"2025-07-23T16:36:24","modified_gmt":"2025-07-23T15:36:24","slug":"parcours","status":"publish","type":"page","link":"https:\/\/web.nas.dewwwe.com\/Ecco-Eco\/lagence\/parcours\/","title":{"rendered":"Parcours"},"content":{"rendered":"\t\t<div data-elementor-type=\"wp-page\" data-elementor-id=\"328\" class=\"elementor elementor-328\">\n\t\t\t\t<div class=\"elementor-element elementor-element-fbe0399 e-con-full e-flex e-con e-parent\" data-id=\"fbe0399\" data-element_type=\"container\">\n\t\t<div class=\"elementor-element elementor-element-61664c1 e-con-full e-flex e-con e-child\" data-id=\"61664c1\" data-element_type=\"container\">\n\t\t\t\t<div class=\"elementor-element elementor-element-6d3ed1e elementor-widget elementor-widget-heading\" data-id=\"6d3ed1e\" data-element_type=\"widget\" data-widget_type=\"heading.default\">\n\t\t\t\t<div class=\"elementor-widget-container\">\n\t\t\t\t\t<h3 class=\"elementor-heading-title elementor-size-default\">Le parcours de Soumaya<\/h3>\t\t\t\t<\/div>\n\t\t\t\t<\/div>\n\t\t\t\t<div class=\"elementor-element elementor-element-45fb309 elementor-widget elementor-widget-text-editor\" data-id=\"45fb309\" data-element_type=\"widget\" data-widget_type=\"text-editor.default\">\n\t\t\t\t<div class=\"elementor-widget-container\">\n\t\t\t\t\t\t\t\t\t<p>Architecte inscrite \u00e0 l\u2019Ordre des Architectes de la R\u00e9gion Rh\u00f4ne-Alpes, en 4 p\u00e9riodes clefs :<\/p>\t\t\t\t\t\t\t\t<\/div>\n\t\t\t\t<\/div>\n\t\t\t\t<div class=\"elementor-element elementor-element-6269a8b elementor-widget elementor-widget-heading\" data-id=\"6269a8b\" data-element_type=\"widget\" data-widget_type=\"heading.default\">\n\t\t\t\t<div class=\"elementor-widget-container\">\n\t\t\t\t\t<h5 class=\"elementor-heading-title elementor-size-default\">2001 \u00e0 2002<\/h5>\t\t\t\t<\/div>\n\t\t\t\t<\/div>\n\t\t\t\t<div class=\"elementor-element elementor-element-73aa4a7 elementor-widget elementor-widget-text-editor\" data-id=\"73aa4a7\" data-element_type=\"widget\" data-widget_type=\"text-editor.default\">\n\t\t\t\t<div class=\"elementor-widget-container\">\n\t\t\t\t\t\t\t\t\t<p>L\u2019apprentissage de la rigueur chez <strong>Architecture Studio<\/strong> sur de grands projets (cabinet Fran\u00e7ais majeur \u00e0 l\u2019activit\u00e9 internationale, architectes de l\u2019Institut du Monde Arabe avec Jean Nouvel).<\/p>\t\t\t\t\t\t\t\t<\/div>\n\t\t\t\t<\/div>\n\t\t\t\t<div class=\"elementor-element elementor-element-b8e8758 elementor-widget elementor-widget-heading\" data-id=\"b8e8758\" data-element_type=\"widget\" data-widget_type=\"heading.default\">\n\t\t\t\t<div class=\"elementor-widget-container\">\n\t\t\t\t\t<h5 class=\"elementor-heading-title elementor-size-default\">2002 \u00e0 2003<\/h5>\t\t\t\t<\/div>\n\t\t\t\t<\/div>\n\t\t\t\t<div class=\"elementor-element elementor-element-e615e1d elementor-widget elementor-widget-text-editor\" data-id=\"e615e1d\" data-element_type=\"widget\" data-widget_type=\"text-editor.default\">\n\t\t\t\t<div class=\"elementor-widget-container\">\n\t\t\t\t\t\t\t\t\t<p>La d\u00e9couverte de l\u2019architecture \u00e0 haute performance environnementale chez <strong>Square architecture<\/strong>, un pionnier de la sp\u00e9cialit\u00e9.<\/p>\t\t\t\t\t\t\t\t<\/div>\n\t\t\t\t<\/div>\n\t\t\t\t<div class=\"elementor-element elementor-element-bd96879 elementor-widget elementor-widget-heading\" data-id=\"bd96879\" data-element_type=\"widget\" data-widget_type=\"heading.default\">\n\t\t\t\t<div class=\"elementor-widget-container\">\n\t\t\t\t\t<h5 class=\"elementor-heading-title elementor-size-default\">2004 \u00e0 2006<\/h5>\t\t\t\t<\/div>\n\t\t\t\t<\/div>\n\t\t\t\t<div class=\"elementor-element elementor-element-86f76e9 elementor-widget elementor-widget-text-editor\" data-id=\"86f76e9\" data-element_type=\"widget\" data-widget_type=\"text-editor.default\">\n\t\t\t\t<div class=\"elementor-widget-container\">\n\t\t\t\t\t\t\t\t\t<p>La ma\u00eetrise du pilotage de grands projets notamment au sein de l\u2019agence Blue Tango, en collaborant au projet des <strong>Archives d\u00e9partementales de l\u2019H\u00e9rault de Zaha Hadid<\/strong>.<\/p>\t\t\t\t\t\t\t\t<\/div>\n\t\t\t\t<\/div>\n\t\t\t\t<div class=\"elementor-element elementor-element-0992396 elementor-widget elementor-widget-heading\" data-id=\"0992396\" data-element_type=\"widget\" data-widget_type=\"heading.default\">\n\t\t\t\t<div class=\"elementor-widget-container\">\n\t\t\t\t\t<h5 class=\"elementor-heading-title elementor-size-default\">2006 \u00e0 2014<\/h5>\t\t\t\t<\/div>\n\t\t\t\t<\/div>\n\t\t\t\t<div class=\"elementor-element elementor-element-140dbc0 elementor-widget elementor-widget-text-editor\" data-id=\"140dbc0\" data-element_type=\"widget\" data-widget_type=\"text-editor.default\">\n\t\t\t\t<div class=\"elementor-widget-container\">\n\t\t\t\t\t\t\t\t\t<p>Plusieurs exp\u00e9riences de projets de r\u00e9habilitation de logements collectifs, transformation de monuments class\u00e9s en logements.<\/p>\t\t\t\t\t\t\t\t<\/div>\n\t\t\t\t<\/div>\n\t\t\t\t<div class=\"elementor-element elementor-element-4e5d478 elementor-widget elementor-widget-heading\" data-id=\"4e5d478\" data-element_type=\"widget\" data-widget_type=\"heading.default\">\n\t\t\t\t<div class=\"elementor-widget-container\">\n\t\t\t\t\t<h5 class=\"elementor-heading-title elementor-size-default\">Depuis 2014<\/h5>\t\t\t\t<\/div>\n\t\t\t\t<\/div>\n\t\t\t\t<div class=\"elementor-element elementor-element-455ddca elementor-widget elementor-widget-text-editor\" data-id=\"455ddca\" data-element_type=\"widget\" data-widget_type=\"text-editor.default\">\n\t\t\t\t<div class=\"elementor-widget-container\">\n\t\t\t\t\t\t\t\t\t<p>Formation d\u2019une ann\u00e9e sur \u00ab D\u00e9veloppement durable et qualit\u00e9 environnementale dans l\u2019urbanisme, l\u2019architecture et la construction \u00bb et lancement d\u2019ecco-eco avec la volont\u00e9 de proposer une nouvelle relation entre architecte et donneur d\u2019ordre.<\/p>\t\t\t\t\t\t\t\t<\/div>\n\t\t\t\t<\/div>\n\t\t\t\t<\/div>\n\t\t<div class=\"elementor-element elementor-element-8931a35 e-con-full e-flex e-con e-child\" data-id=\"8931a35\" data-element_type=\"container\">\n\t\t\t\t<div class=\"elementor-element elementor-element-7bae4d2 elementor-widget elementor-widget-heading\" data-id=\"7bae4d2\" data-element_type=\"widget\" data-widget_type=\"heading.default\">\n\t\t\t\t<div class=\"elementor-widget-container\">\n\t\t\t\t\t<h3 class=\"elementor-heading-title elementor-size-default\">Dipl\u00f4mes<\/h3>\t\t\t\t<\/div>\n\t\t\t\t<\/div>\n\t\t\t\t<div class=\"elementor-element elementor-element-c97c8e1 elementor-widget elementor-widget-heading\" data-id=\"c97c8e1\" data-element_type=\"widget\" data-widget_type=\"heading.default\">\n\t\t\t\t<div class=\"elementor-widget-container\">\n\t\t\t\t\t<h5 class=\"elementor-heading-title elementor-size-default\">2001<\/h5>\t\t\t\t<\/div>\n\t\t\t\t<\/div>\n\t\t\t\t<div class=\"elementor-element elementor-element-f74dce0 elementor-widget elementor-widget-text-editor\" data-id=\"f74dce0\" data-element_type=\"widget\" data-widget_type=\"text-editor.default\">\n\t\t\t\t<div class=\"elementor-widget-container\">\n\t\t\t\t\t\t\t\t\t<p><strong>Dipl\u00f4me d\u2019architecture et d\u2019urbanisme (ITAUT)<\/strong><\/p>\t\t\t\t\t\t\t\t<\/div>\n\t\t\t\t<\/div>\n\t\t\t\t<div class=\"elementor-element elementor-element-9350468 elementor-widget elementor-widget-heading\" data-id=\"9350468\" data-element_type=\"widget\" data-widget_type=\"heading.default\">\n\t\t\t\t<div class=\"elementor-widget-container\">\n\t\t\t\t\t<h5 class=\"elementor-heading-title elementor-size-default\">2001\/2002<\/h5>\t\t\t\t<\/div>\n\t\t\t\t<\/div>\n\t\t\t\t<div class=\"elementor-element elementor-element-1adb77f elementor-widget elementor-widget-text-editor\" data-id=\"1adb77f\" data-element_type=\"widget\" data-widget_type=\"text-editor.default\">\n\t\t\t\t<div class=\"elementor-widget-container\">\n\t\t\t\t\t\t\t\t\t<p><strong>Master sp\u00e9cialis\u00e9<\/strong>\u00a0: \u00ab\u00a0Mat\u00e9riaux pour l\u2019architecture\u00a0\u00bb\u00a0<strong>Ecole d\u2019Architecture de Versailles<\/strong><\/p>\t\t\t\t\t\t\t\t<\/div>\n\t\t\t\t<\/div>\n\t\t\t\t<div class=\"elementor-element elementor-element-053452f elementor-widget elementor-widget-heading\" data-id=\"053452f\" data-element_type=\"widget\" data-widget_type=\"heading.default\">\n\t\t\t\t<div class=\"elementor-widget-container\">\n\t\t\t\t\t<h5 class=\"elementor-heading-title elementor-size-default\">2014<\/h5>\t\t\t\t<\/div>\n\t\t\t\t<\/div>\n\t\t\t\t<div class=\"elementor-element elementor-element-74eee46 elementor-widget elementor-widget-text-editor\" data-id=\"74eee46\" data-element_type=\"widget\" data-widget_type=\"text-editor.default\">\n\t\t\t\t<div class=\"elementor-widget-container\">\n\t\t\t\t\t\t\t\t\t<p><strong>Certificat sup\u00e9rieur de sp\u00e9cialisation<\/strong> :\u00a0\u00ab\u00a0D\u00e9veloppement durable et qualit\u00e9 environnementale dans l\u2019urbanisme, l\u2019architecture et la construction\u00a0\u00bb\u00a0<strong>Conseil r\u00e9gional de l\u2019ordre de Rh\u00f4ne Alpes<\/strong>, SCOP des 2 rives et \u00ab Ville Am\u00e9nagement Durable \u00bb<\/p><p>\u00a0<\/p>\t\t\t\t\t\t\t\t<\/div>\n\t\t\t\t<\/div>\n\t\t\t\t<\/div>\n\t\t\t\t<\/div>\n\t\t\t\t<\/div>\n\t\t","protected":false},"excerpt":{"rendered":"<p>Le parcours de Soumaya Architecte inscrite \u00e0 l\u2019Ordre des Architectes de la R\u00e9gion Rh\u00f4ne-Alpes, en 4 p\u00e9riodes clefs : 2001 \u00e0 2002 L\u2019apprentissage de la rigueur chez Architecture Studio sur &hellip; <a class=\"kt-excerpt-readmore more-link\" href=\"https:\/\/web.nas.dewwwe.com\/Ecco-Eco\/lagence\/parcours\/\">Lire plus<\/a><\/p>\n","protected":false},"author":1,"featured_media":0,"parent":9,"menu_order":0,"comment_status":"closed","ping_status":"closed","template":"","meta":{"_acf_changed":false,"footnotes":""},"class_list":["post-328","page","type-page","status-publish","hentry"],"acf":[],"_links":{"self":[{"href":"https:\/\/web.nas.dewwwe.com\/Ecco-Eco\/wp-json\/wp\/v2\/pages\/328","targetHints":{"allow":["GET"]}}],"collection":[{"href":"https:\/\/web.nas.dewwwe.com\/Ecco-Eco\/wp-json\/wp\/v2\/pages"}],"about":[{"href":"https:\/\/web.nas.dewwwe.com\/Ecco-Eco\/wp-json\/wp\/v2\/types\/page"}],"author":[{"embeddable":true,"href":"https:\/\/web.nas.dewwwe.com\/Ecco-Eco\/wp-json\/wp\/v2\/users\/1"}],"replies":[{"embeddable":true,"href":"https:\/\/web.nas.dewwwe.com\/Ecco-Eco\/wp-json\/wp\/v2\/comments?post=328"}],"version-history":[{"count":13,"href":"https:\/\/web.nas.dewwwe.com\/Ecco-Eco\/wp-json\/wp\/v2\/pages\/328\/revisions"}],"predecessor-version":[{"id":543,"href":"https:\/\/web.nas.dewwwe.com\/Ecco-Eco\/wp-json\/wp\/v2\/pages\/328\/revisions\/543"}],"up":[{"embeddable":true,"href":"https:\/\/web.nas.dewwwe.com\/Ecco-Eco\/wp-json\/wp\/v2\/pages\/9"}],"wp:attachment":[{"href":"https:\/\/web.nas.dewwwe.com\/Ecco-Eco\/wp-json\/wp\/v2\/media?parent=328"}],"curies":[{"name":"wp","href":"https:\/\/api.w.org\/{rel}","templated":true}]}}