{"id":339,"date":"2025-07-16T15:35:10","date_gmt":"2025-07-16T14:35:10","guid":{"rendered":"https:\/\/web.nas.dewwwe.com\/Ecco-Eco\/?page_id=339"},"modified":"2025-07-23T16:37:07","modified_gmt":"2025-07-23T15:37:07","slug":"pourquoi-faire-appel-a-un-architecte","status":"publish","type":"page","link":"https:\/\/web.nas.dewwwe.com\/Ecco-Eco\/lagence\/pourquoi-faire-appel-a-un-architecte\/","title":{"rendered":"Pourquoi faire appel \u00e0 un architecte ?"},"content":{"rendered":"\t\t<div data-elementor-type=\"wp-page\" data-elementor-id=\"339\" class=\"elementor elementor-339\">\n\t\t\t\t<div class=\"elementor-element elementor-element-a6eab5c e-con-full e-flex e-con e-parent\" data-id=\"a6eab5c\" data-element_type=\"container\">\n\t\t<div class=\"elementor-element elementor-element-9472ee5 e-con-full e-flex e-con e-child\" data-id=\"9472ee5\" data-element_type=\"container\">\n\t\t\t\t<div class=\"elementor-element elementor-element-fd9fee6 elementor-widget elementor-widget-text-editor\" data-id=\"fd9fee6\" data-element_type=\"widget\" data-widget_type=\"text-editor.default\">\n\t\t\t\t<div class=\"elementor-widget-container\">\n\t\t\t\t\t\t\t\t\tL\u2019architecte permet d\u2019assurer une construction adapt\u00e9e \u00e0 son usage et durable.\n\n\t\t\t\t\t\t\t\t<\/div>\n\t\t\t\t<\/div>\n\t\t\t\t<div class=\"elementor-element elementor-element-cb26c84 elementor-widget elementor-widget-heading\" data-id=\"cb26c84\" data-element_type=\"widget\" data-widget_type=\"heading.default\">\n\t\t\t\t<div class=\"elementor-widget-container\">\n\t\t\t\t\t<h3 class=\"elementor-heading-title elementor-size-default\">Son r\u00f4le est global<\/h3>\t\t\t\t<\/div>\n\t\t\t\t<\/div>\n\t\t\t\t<div class=\"elementor-element elementor-element-5192a9f elementor-widget elementor-widget-text-editor\" data-id=\"5192a9f\" data-element_type=\"widget\" data-widget_type=\"text-editor.default\">\n\t\t\t\t<div class=\"elementor-widget-container\">\n\t\t\t\t\t\t\t\t\t<ul><li>Rechercher et mettre en forme les id\u00e9es qui lient au mieux les aspirations des clients comme l\u2019ensemble des contraintes techniques, r\u00e9glementaires et \u00e9conomiques.<\/li><li>Conseiller son client dans son choix en partageant son ambition sensorielle et pratique.<\/li><li>Assurer le respect des dispositions r\u00e9glementaires puis l\u2019obtention des autorisations n\u00e9cessaires dans les meilleures conditions.<\/li><li>Concr\u00e9tiser le projet, s\u00e9lectionner, consulter et contractualiser avec les entreprises contractantes les mieux adapt\u00e9es.<\/li><li>Conduire le chantier dans le respect du planning et du budget.<\/li><\/ul>\t\t\t\t\t\t\t\t<\/div>\n\t\t\t\t<\/div>\n\t\t\t\t<\/div>\n\t\t<div class=\"elementor-element elementor-element-6ea174f e-con-full e-flex e-con e-child\" data-id=\"6ea174f\" data-element_type=\"container\">\n\t\t\t\t<div class=\"elementor-element elementor-element-5203ffe elementor-widget elementor-widget-heading\" data-id=\"5203ffe\" data-element_type=\"widget\" data-widget_type=\"heading.default\">\n\t\t\t\t<div class=\"elementor-widget-container\">\n\t\t\t\t\t<h3 class=\"elementor-heading-title elementor-size-default\">Les projets sont de toutes natures et de toutes tailles<\/h3>\t\t\t\t<\/div>\n\t\t\t\t<\/div>\n\t\t\t\t<div class=\"elementor-element elementor-element-f6be743 elementor-widget elementor-widget-text-editor\" data-id=\"f6be743\" data-element_type=\"widget\" data-widget_type=\"text-editor.default\">\n\t\t\t\t<div class=\"elementor-widget-container\">\n\t\t\t\t\t\t\t\t\t<ul><li>Neuf et r\u00e9novation<\/li><li>Gros \u0153uvre et int\u00e9rieur<\/li><li>Individuel, collectif ou terttiaire.<\/li><\/ul>\t\t\t\t\t\t\t\t<\/div>\n\t\t\t\t<\/div>\n\t\t\t\t<\/div>\n\t\t\t\t<\/div>\n\t\t\t\t<\/div>\n\t\t","protected":false},"excerpt":{"rendered":"<p>L\u2019architecte permet d\u2019assurer une construction adapt\u00e9e \u00e0 son usage et durable. Son r\u00f4le est global Rechercher et mettre en forme les id\u00e9es qui lient au mieux les aspirations des clients &hellip; <a class=\"kt-excerpt-readmore more-link\" href=\"https:\/\/web.nas.dewwwe.com\/Ecco-Eco\/lagence\/pourquoi-faire-appel-a-un-architecte\/\">Lire plus<\/a><\/p>\n","protected":false},"author":1,"featured_media":0,"parent":9,"menu_order":0,"comment_status":"closed","ping_status":"closed","template":"","meta":{"_acf_changed":false,"footnotes":""},"class_list":["post-339","page","type-page","status-publish","hentry"],"acf":[],"_links":{"self":[{"href":"https:\/\/web.nas.dewwwe.com\/Ecco-Eco\/wp-json\/wp\/v2\/pages\/339","targetHints":{"allow":["GET"]}}],"collection":[{"href":"https:\/\/web.nas.dewwwe.com\/Ecco-Eco\/wp-json\/wp\/v2\/pages"}],"about":[{"href":"https:\/\/web.nas.dewwwe.com\/Ecco-Eco\/wp-json\/wp\/v2\/types\/page"}],"author":[{"embeddable":true,"href":"https:\/\/web.nas.dewwwe.com\/Ecco-Eco\/wp-json\/wp\/v2\/users\/1"}],"replies":[{"embeddable":true,"href":"https:\/\/web.nas.dewwwe.com\/Ecco-Eco\/wp-json\/wp\/v2\/comments?post=339"}],"version-history":[{"count":10,"href":"https:\/\/web.nas.dewwwe.com\/Ecco-Eco\/wp-json\/wp\/v2\/pages\/339\/revisions"}],"predecessor-version":[{"id":546,"href":"https:\/\/web.nas.dewwwe.com\/Ecco-Eco\/wp-json\/wp\/v2\/pages\/339\/revisions\/546"}],"up":[{"embeddable":true,"href":"https:\/\/web.nas.dewwwe.com\/Ecco-Eco\/wp-json\/wp\/v2\/pages\/9"}],"wp:attachment":[{"href":"https:\/\/web.nas.dewwwe.com\/Ecco-Eco\/wp-json\/wp\/v2\/media?parent=339"}],"curies":[{"name":"wp","href":"https:\/\/api.w.org\/{rel}","templated":true}]}}