{"id":7,"date":"2025-05-28T22:36:15","date_gmt":"2025-05-28T22:36:15","guid":{"rendered":"https:\/\/web.nas.dewwwe.com\/Ecco-Eco\/?page_id=7"},"modified":"2025-09-08T14:28:50","modified_gmt":"2025-09-08T13:28:50","slug":"accueil","status":"publish","type":"page","link":"https:\/\/web.nas.dewwwe.com\/Ecco-Eco\/","title":{"rendered":"Accueil"},"content":{"rendered":"\t\t<div data-elementor-type=\"wp-page\" data-elementor-id=\"7\" class=\"elementor elementor-7\">\n\t\t\t\t<div class=\"elementor-element elementor-element-64efd3f e-con-full e-flex e-con e-parent\" data-id=\"64efd3f\" data-element_type=\"container\" data-settings=\"{&quot;background_background&quot;:&quot;classic&quot;}\">\n\t\t\t\t<div class=\"elementor-element elementor-element-6225a22 elementor-grid-eael-col-3 elementor-grid-tablet-eael-col-2 elementor-grid-mobile-eael-col-1 elementor-invisible elementor-widget elementor-widget-eael-post-grid\" data-id=\"6225a22\" data-element_type=\"widget\" id=\"accueil_articles\" data-settings=\"{&quot;eael_post_grid_columns&quot;:&quot;eael-col-3&quot;,&quot;_animation&quot;:&quot;slideInUp&quot;,&quot;eael_post_grid_columns_tablet&quot;:&quot;eael-col-2&quot;,&quot;eael_post_grid_columns_mobile&quot;:&quot;eael-col-1&quot;}\" data-widget_type=\"eael-post-grid.default\">\n\t\t\t\t<div class=\"elementor-widget-container\">\n\t\t\t\t\t<div id=\"eael-post-grid-6225a22\" class=\"eael-post-grid-container\">\n            <div class=\"eael-post-grid eael-post-appender eael-post-appender-6225a22 eael-post-grid-style-one\" data-layout-mode=\"grid\"><article class=\"eael-grid-post eael-post-grid-column\" data-id=\"78\">\n        <div class=\"eael-grid-post-holder\">\n            <div class=\"eael-grid-post-holder-inner\"><div class=\"eael-entry-media\"><div class=\"eael-entry-overlay fade-in\"><i class=\"fas fa-long-arrow-alt-right\" aria-hidden=\"true\"><\/i><a href=\"https:\/\/web.nas.dewwwe.com\/Ecco-Eco\/realisations-ecologiques-des-adherents-deco-energies\/\"><\/a><\/div><div class=\"eael-entry-thumbnail \">\n                <img fetchpriority=\"high\" decoding=\"async\" width=\"725\" height=\"450\" src=\"https:\/\/web.nas.dewwwe.com\/Ecco-Eco\/wp-content\/uploads\/2022\/10\/AURA_Couverture_small-725x1024-1.jpg\" class=\"attachment-1536x1536 size-1536x1536 wp-image-630\" alt=\"\" srcset=\"https:\/\/web.nas.dewwwe.com\/Ecco-Eco\/wp-content\/uploads\/2022\/10\/AURA_Couverture_small-725x1024-1.jpg 725w, https:\/\/web.nas.dewwwe.com\/Ecco-Eco\/wp-content\/uploads\/2022\/10\/AURA_Couverture_small-725x1024-1-300x186.jpg 300w\" sizes=\"(max-width: 725px) 100vw, 725px\" \/>\n            <\/div>\n        <\/div><div class=\"eael-entry-wrapper\"><header class=\"eael-entry-header\"><h2 class=\"eael-entry-title\"><a class=\"eael-grid-post-link\" href=\"https:\/\/web.nas.dewwwe.com\/Ecco-Eco\/realisations-ecologiques-des-adherents-deco-energies\/\" title=\"Architecture Frugale &#8211; 20 Examples de R\u00e9habilitation en Auvergne Rh\u00f4ne-Alpes\">Architecture Frugale &#8211; 20 Examples de R\u00e9habilitation en Auvergne Rh\u00f4ne-Alpes<\/a><\/h2><\/header><div class=\"eael-entry-content\">\n                        <div class=\"eael-grid-post-excerpt\"><p>Adherente de Frugale Heureuse &#8211; Association d&rsquo;architecture de frugalit\u00e9.<\/p><\/div>\n                    <\/div><\/div><\/div>\n        <\/div>\n    <\/article><article class=\"eael-grid-post eael-post-grid-column\" data-id=\"68\">\n        <div class=\"eael-grid-post-holder\">\n            <div class=\"eael-grid-post-holder-inner\"><div class=\"eael-entry-media\"><div class=\"eael-entry-overlay fade-in\"><i class=\"fas fa-long-arrow-alt-right\" aria-hidden=\"true\"><\/i><a href=\"https:\/\/web.nas.dewwwe.com\/Ecco-Eco\/concevoir-un-lieu-ecologique\/\"><\/a><\/div><div class=\"eael-entry-thumbnail \">\n                <img decoding=\"async\" width=\"1170\" height=\"480\" src=\"https:\/\/web.nas.dewwwe.com\/Ecco-Eco\/wp-content\/uploads\/2025\/05\/revue_architecture_0.jpg\" class=\"attachment-1536x1536 size-1536x1536 wp-image-69\" alt=\"\" srcset=\"https:\/\/web.nas.dewwwe.com\/Ecco-Eco\/wp-content\/uploads\/2025\/05\/revue_architecture_0.jpg 1170w, https:\/\/web.nas.dewwwe.com\/Ecco-Eco\/wp-content\/uploads\/2025\/05\/revue_architecture_0-300x123.jpg 300w, https:\/\/web.nas.dewwwe.com\/Ecco-Eco\/wp-content\/uploads\/2025\/05\/revue_architecture_0-1024x420.jpg 1024w, https:\/\/web.nas.dewwwe.com\/Ecco-Eco\/wp-content\/uploads\/2025\/05\/revue_architecture_0-768x315.jpg 768w, https:\/\/web.nas.dewwwe.com\/Ecco-Eco\/wp-content\/uploads\/2025\/05\/revue_architecture_0-1140x468.jpg 1140w\" sizes=\"(max-width: 1170px) 100vw, 1170px\" \/>\n            <\/div>\n        <\/div><div class=\"eael-entry-wrapper\"><header class=\"eael-entry-header\"><h2 class=\"eael-entry-title\"><a class=\"eael-grid-post-link\" href=\"https:\/\/web.nas.dewwwe.com\/Ecco-Eco\/concevoir-un-lieu-ecologique\/\" title=\"Concevoir un lieu \u00e9cologique\">Concevoir un lieu \u00e9cologique<\/a><\/h2><\/header><div class=\"eael-entry-content\">\n                        <div class=\"eael-grid-post-excerpt\"><p>Ce num\u00e9ro d&rsquo;Architecture et Territoire voulait compensait les meilleures premi\u00e8res oeuvres dans diff\u00e9rents secteurs, sur tout le territoire Auvergne Rh\u00f4ne Alpes.Le Tissoir a \u00e9t\u00e9 \u00e9lu meilleur premi\u00e8re oeuvre dans le &hellip; Lire plus<\/p><\/div>\n                    <\/div><\/div><\/div>\n        <\/div>\n    <\/article><article class=\"eael-grid-post eael-post-grid-column\" data-id=\"113\">\n        <div class=\"eael-grid-post-holder\">\n            <div class=\"eael-grid-post-holder-inner\"><div class=\"eael-entry-media\"><div class=\"eael-entry-overlay fade-in\"><i class=\"fas fa-long-arrow-alt-right\" aria-hidden=\"true\"><\/i><a href=\"https:\/\/web.nas.dewwwe.com\/Ecco-Eco\/article-journal-bref-rhone-alpes-auvergne\/\"><\/a><\/div><div class=\"eael-entry-thumbnail \">\n                <img decoding=\"async\" width=\"1170\" height=\"480\" src=\"https:\/\/web.nas.dewwwe.com\/Ecco-Eco\/wp-content\/uploads\/2025\/06\/slider-agence-2_1.jpg\" class=\"attachment-1536x1536 size-1536x1536 wp-image-114\" alt=\"\" srcset=\"https:\/\/web.nas.dewwwe.com\/Ecco-Eco\/wp-content\/uploads\/2025\/06\/slider-agence-2_1.jpg 1170w, https:\/\/web.nas.dewwwe.com\/Ecco-Eco\/wp-content\/uploads\/2025\/06\/slider-agence-2_1-300x123.jpg 300w, https:\/\/web.nas.dewwwe.com\/Ecco-Eco\/wp-content\/uploads\/2025\/06\/slider-agence-2_1-1024x420.jpg 1024w, https:\/\/web.nas.dewwwe.com\/Ecco-Eco\/wp-content\/uploads\/2025\/06\/slider-agence-2_1-768x315.jpg 768w, https:\/\/web.nas.dewwwe.com\/Ecco-Eco\/wp-content\/uploads\/2025\/06\/slider-agence-2_1-1140x468.jpg 1140w\" sizes=\"(max-width: 1170px) 100vw, 1170px\" \/>\n            <\/div>\n        <\/div><div class=\"eael-entry-wrapper\"><header class=\"eael-entry-header\"><h2 class=\"eael-entry-title\"><a class=\"eael-grid-post-link\" href=\"https:\/\/web.nas.dewwwe.com\/Ecco-Eco\/article-journal-bref-rhone-alpes-auvergne\/\" title=\"Article journal \u00ab BREF Rh\u00f4ne Alpes- Auvergne \u00bb\">Article journal \u00ab BREF Rh\u00f4ne Alpes- Auvergne \u00bb<\/a><\/h2><\/header><div class=\"eael-entry-content\">\n                        <div class=\"eael-grid-post-excerpt\"><p>Weenov investit Le Tissoir Cr\u00e9\u00e9 en 2006 par Alexandre Naoun, le cabinet de conseil en innovation et design Weenov (Lyon) vient de s\u2019installer dans un ancien atelier de canuts, en &hellip; Lire plus<\/p><\/div>\n                    <\/div><\/div><\/div>\n        <\/div>\n    <\/article><\/div>\n            <div class=\"clearfix\"><\/div>\n        <\/div>            <div class=\"eael-load-more-button-wrap eael-force-hide\">\n                <button class=\"eael-load-more-button\" id=\"eael-load-more-btn-6225a22\" data-widget-id=\"6225a22\" data-widget=\"6225a22\" data-page-id=\"7\" data-template=\"{&quot;dir&quot;:&quot;lite&quot;,&quot;file_name&quot;:&quot;one.php&quot;,&quot;name&quot;:&quot;Post-Grid&quot;}\" data-class=\"Essential_Addons_Elementor\\Elements\\Post_Grid\" data-layout=\"grid\" data-page=\"1\" data-args=\"orderby=date&amp;order=desc&amp;ignore_sticky_posts=1&amp;post_status=publish&amp;posts_per_page=3&amp;offset=0&amp;post_type=post\" data-max-page=\"2\">\n                    <span class=\"eael-btn-loader button__loader\"><\/span>\n                    <span class=\"eael_load_more_text\">Load More<\/span>\n                <\/button>\n            <\/div>\n            \t\t\t\t<\/div>\n\t\t\t\t<\/div>\n\t\t\t\t<\/div>\n\t\t<div class=\"elementor-element elementor-element-bace574 e-con-full e-flex e-con e-parent\" data-id=\"bace574\" data-element_type=\"container\" id=\"temoignages\" data-settings=\"{&quot;background_background&quot;:&quot;classic&quot;}\">\n\t\t\t\t<div class=\"elementor-element elementor-element-26c7be2 elementor-widget elementor-widget-heading\" data-id=\"26c7be2\" data-element_type=\"widget\" data-widget_type=\"heading.default\">\n\t\t\t\t<div class=\"elementor-widget-container\">\n\t\t\t\t\t<h2 class=\"elementor-heading-title elementor-size-default\">T\u00e9moignages<\/h2>\t\t\t\t<\/div>\n\t\t\t\t<\/div>\n\t\t\t\t<div class=\"elementor-element elementor-element-e1cde55 elementor-widget elementor-widget-miga_slide_everything_title\" data-id=\"e1cde55\" data-element_type=\"widget\" data-widget_type=\"miga_slide_everything_title.default\">\n\t\t\t\t\t<div class=\"miga_slide_everything\" data-mousewheel=\"1\" data-sliderId=\"slider_temoignages\" data-spv=\"1\" data-spvt=\"1\" data-spvp=\"1\" data-spacebetween=\"30\" data-loop=\"0\" data-centerSlides=\"1\" data-autoplay=\"1\" data-autoplay-reverse=\"0\" data-newmethod=\"1\" data-pagination=\"0\" data-arrows=\"1\" data-latestSwiper=\"\" data-dot-padding=\"10\" data-touchmove=\"0\" data-freemode=\"0\" data-autoplay-delay=\"5000\"><\/div><style type=\"text\/css\">#slider_temoignages .swiper-button-prev::after {content: none}#slider_temoignages .swiper-button-next::after {content: none}#slider_temoignages .swiper-button-prev {background-image: none } #slider_temoignages .swiper-button-next {background-image: none } #slider_temoignages .swiper-button-prev svg path {fill:} #slider_temoignages .swiper-button-next svg path {fill:} #slider_temoignages .swiper-button-prev:after {color:} #slider_temoignages .swiper-button-next:after {color:} #slider_temoignages .swiper-button-next, #slider_temoignages .swiper-button-prev {height:32px; width:19.2px} <\/style>\t\t\t\t<\/div>\n\t\t<div class=\"elementor-element elementor-element-b77f3fc e-flex e-con-boxed e-con e-child\" data-id=\"b77f3fc\" data-element_type=\"container\" id=\"slider_temoignages\">\n\t\t\t\t\t<div class=\"e-con-inner\">\n\t\t\t\t<div class=\"elementor-element elementor-element-7edfe2d elementor-widget__width-inherit elementor-widget elementor-widget-testimonial\" data-id=\"7edfe2d\" data-element_type=\"widget\" data-widget_type=\"testimonial.default\">\n\t\t\t\t<div class=\"elementor-widget-container\">\n\t\t\t\t\t\t\t<div class=\"elementor-testimonial-wrapper\">\n\t\t\t\t\t\t\t<div class=\"elementor-testimonial-content\">Nous sommes un cabinet conseil sp\u00e9cialis\u00e9 dans l\u2019innovation et en \u00e9co-conception, notre cahier des charges \u00e9tait ambitieux : cr\u00e9er un espace de travail intimiste, modulaires, \u00e9cologique et \u00e9conomique. Ecco Eco a su relev\u00e9 le d\u00e9fi et a con\u00e7u pour nous un lieu o\u00f9 on se sent bien.<\/div>\n\t\t\t\n\t\t\t\t\t\t<div class=\"elementor-testimonial-meta\">\n\t\t\t\t<div class=\"elementor-testimonial-meta-inner\">\n\t\t\t\t\t\n\t\t\t\t\t\t\t\t\t\t<div class=\"elementor-testimonial-details\">\n\t\t\t\t\t\t\t\t\t\t\t\t\t\t<div class=\"elementor-testimonial-name\">Mme Caroline Bourgeois-Riou<\/div>\n\t\t\t\t\t\t\t\t\t\t\t\t\t\t\t\t\t\t\t<\/div>\n\t\t\t\t\t\t\t\t\t<\/div>\n\t\t\t<\/div>\n\t\t\t\t\t<\/div>\n\t\t\t\t\t\t<\/div>\n\t\t\t\t<\/div>\n\t\t\t\t<div class=\"elementor-element elementor-element-e06925f elementor-widget__width-inherit elementor-widget elementor-widget-testimonial\" data-id=\"e06925f\" data-element_type=\"widget\" data-widget_type=\"testimonial.default\">\n\t\t\t\t<div class=\"elementor-widget-container\">\n\t\t\t\t\t\t\t<div class=\"elementor-testimonial-wrapper\">\n\t\t\t\t\t\t\t<div class=\"elementor-testimonial-content\">Merci \u00e0 Ecco Eco de m'avoir accompagn\u00e9e et fort bien conseill\u00e9e pour la r\u00e9novation, l'isolation et la d\u00e9coration de mon appartement. De tr\u00e8s bons artisans dans leur \u00e9quipe !<\/div>\n\t\t\t\n\t\t\t\t\t\t<div class=\"elementor-testimonial-meta\">\n\t\t\t\t<div class=\"elementor-testimonial-meta-inner\">\n\t\t\t\t\t\n\t\t\t\t\t\t\t\t\t\t<div class=\"elementor-testimonial-details\">\n\t\t\t\t\t\t\t\t\t\t\t\t\t\t<div class=\"elementor-testimonial-name\">Mme Chantal Lechner<\/div>\n\t\t\t\t\t\t\t\t\t\t\t\t\t\t\t\t\t\t\t<\/div>\n\t\t\t\t\t\t\t\t\t<\/div>\n\t\t\t<\/div>\n\t\t\t\t\t<\/div>\n\t\t\t\t\t\t<\/div>\n\t\t\t\t<\/div>\n\t\t\t\t<div class=\"elementor-element elementor-element-d0524e8 elementor-widget__width-inherit elementor-widget elementor-widget-testimonial\" data-id=\"d0524e8\" data-element_type=\"widget\" data-widget_type=\"testimonial.default\">\n\t\t\t\t<div class=\"elementor-widget-container\">\n\t\t\t\t\t\t\t<div class=\"elementor-testimonial-wrapper\">\n\t\t\t\t\t\t\t<div class=\"elementor-testimonial-content\">Nous avons travaill\u00e9 avec l'agence Ecco Eco pour la d\u00e9molition compl\u00e8te puis la r\u00e9novation depuis un plateau vide, d'un appartement de 95m2. Elle a su \u00eatre force de proposition pour cr\u00e9er l'agencement dont nous r\u00eavions tout en \u00e9tant conforme au budget pr\u00e9vu initialement. Son r\u00e9seau nous a permis \u00e9galement de travailler avec des artisans comp\u00e9tents et dignes de confiance. Le planning n'a d\u00e9riv\u00e9 que d'une semaine sur un chantier de 4 mois.<\/div>\n\t\t\t\n\t\t\t\t\t\t<div class=\"elementor-testimonial-meta\">\n\t\t\t\t<div class=\"elementor-testimonial-meta-inner\">\n\t\t\t\t\t\n\t\t\t\t\t\t\t\t\t\t<div class=\"elementor-testimonial-details\">\n\t\t\t\t\t\t\t\t\t\t\t\t\t\t<div class=\"elementor-testimonial-name\">Mr Adrien Desportes et Mme C\u00e9line Sainte-Marie<\/div>\n\t\t\t\t\t\t\t\t\t\t\t\t\t\t\t\t\t\t\t<\/div>\n\t\t\t\t\t\t\t\t\t<\/div>\n\t\t\t<\/div>\n\t\t\t\t\t<\/div>\n\t\t\t\t\t\t<\/div>\n\t\t\t\t<\/div>\n\t\t\t\t\t<\/div>\n\t\t\t\t<\/div>\n\t\t\t\t<\/div>\n\t\t<div class=\"elementor-element elementor-element-bb0d53a e-con-full e-flex e-con e-parent\" data-id=\"bb0d53a\" data-element_type=\"container\">\n\t\t<div class=\"elementor-element elementor-element-5efaa87 e-con-full e-flex e-con e-child\" data-id=\"5efaa87\" data-element_type=\"container\">\n\t\t\t\t<div class=\"elementor-element elementor-element-7ac48ff elementor-widget elementor-widget-heading\" data-id=\"7ac48ff\" data-element_type=\"widget\" data-widget_type=\"heading.default\">\n\t\t\t\t<div class=\"elementor-widget-container\">\n\t\t\t\t\t<h2 class=\"elementor-heading-title elementor-size-default\">Une architecture responsable, \u00e9conomique et \u00e9cologique<\/h2>\t\t\t\t<\/div>\n\t\t\t\t<\/div>\n\t\t\t\t<div class=\"elementor-element elementor-element-a37989f elementor-widget elementor-widget-text-editor\" data-id=\"a37989f\" data-element_type=\"widget\" data-widget_type=\"text-editor.default\">\n\t\t\t\t<div class=\"elementor-widget-container\">\n\t\t\t\t\t\t\t\t\t<p>Notre engagement pour une architecture responsable, \u00e9conomique et \u00e9cologique n\u2019est pas qu\u2019un slogan mais une r\u00e9elle pr\u00e9occupation.<\/p>\t\t\t\t\t\t\t\t<\/div>\n\t\t\t\t<\/div>\n\t\t\t\t<div class=\"elementor-element elementor-element-7dcbe41 elementor-widget elementor-widget-heading\" data-id=\"7dcbe41\" data-element_type=\"widget\" data-widget_type=\"heading.default\">\n\t\t\t\t<div class=\"elementor-widget-container\">\n\t\t\t\t\t<h3 class=\"elementor-heading-title elementor-size-default\">CLUSTER ECO-ENERGIE Rh\u00f4ne alpes<\/h3>\t\t\t\t<\/div>\n\t\t\t\t<\/div>\n\t\t\t\t<div class=\"elementor-element elementor-element-0f73615 elementor-widget elementor-widget-text-editor\" data-id=\"0f73615\" data-element_type=\"widget\" data-widget_type=\"text-editor.default\">\n\t\t\t\t<div class=\"elementor-widget-container\">\n\t\t\t\t\t\t\t\t\t<p>Nous avons adh\u00e9r\u00e9 \u00e0 deux organismes le premier, \u00ab CLUSTER ECO-ENERGIE \u00bb de Rh\u00f4ne alpes, plateforme de l\u2019\u00e9co-b\u00e2timent qui f\u00e9d\u00e9re plus de 800 acteurs diversifi\u00e9s dont 200 adh\u00e9rents (entreprises, centres de formation, institutionnels) rassembl\u00e9s par une finalit\u00e9 commune : la construction, la r\u00e9novation, l\u2019exploitation de b\u00e2timents sobres, respectueux de l\u2019environnement et \u00e9conomes en \u00e9nergies .<\/p>\t\t\t\t\t\t\t\t<\/div>\n\t\t\t\t<\/div>\n\t\t\t\t<div class=\"elementor-element elementor-element-6cead0a elementor-widget elementor-widget-heading\" data-id=\"6cead0a\" data-element_type=\"widget\" data-widget_type=\"heading.default\">\n\t\t\t\t<div class=\"elementor-widget-container\">\n\t\t\t\t\t<h3 class=\"elementor-heading-title elementor-size-default\">L'association VAD \u00ab ville am\u00e9nagement durable \u00bb<\/h3>\t\t\t\t<\/div>\n\t\t\t\t<\/div>\n\t\t\t\t<div class=\"elementor-element elementor-element-3270220 elementor-widget elementor-widget-text-editor\" data-id=\"3270220\" data-element_type=\"widget\" data-widget_type=\"text-editor.default\">\n\t\t\t\t<div class=\"elementor-widget-container\">\n\t\t\t\t\t\t\t\t\t<p>Le deuxi\u00e8me c\u2019est l\u2019association VAD \u00ab ville am\u00e9nagement durable \u00bb qui est une association de professionnels ( architectes , bureaux d\u2019\u00e9tude urbanistes etc) dont le but est :<\/p><ul><li>Faire progresser un mode de concevoir la ville et le b\u00e2timent diff\u00e9remment en r\u00e9pondant \u00e0 tous les enjeux du d\u00e9veloppement durable sans en oublier un seul qu\u2019il soit social, culturel, environnemental et \u00e9conomique<\/li><li>R\u00e9pondre \u00e0 l\u2019urgence de sensibilisation, formation, accompagnement, mutualisation des savoirs appliqu\u00e9s \u00e0 la ville et au b\u00e2ti durable vis-\u00e0-vis de tous les acteurs de l\u2019acte de b\u00e2tir et d\u2019am\u00e9nager<\/li><li>L&rsquo;action de VAD repose ainsi sur l&rsquo;expertise de ses adh\u00e9rents et sur la volont\u00e9 du r\u00e9seau de professionnels de partager les bonnes pratiques, les exp\u00e9riences, les savoirs et savoir-faire.<\/li><\/ul>\t\t\t\t\t\t\t\t<\/div>\n\t\t\t\t<\/div>\n\t\t\t\t<div class=\"elementor-element elementor-element-9cd600f elementor-align-left elementor-widget elementor-widget-button\" data-id=\"9cd600f\" data-element_type=\"widget\" data-widget_type=\"button.default\">\n\t\t\t\t<div class=\"elementor-widget-container\">\n\t\t\t\t\t\t\t\t\t<div class=\"elementor-button-wrapper\">\n\t\t\t\t\t<a class=\"elementor-button elementor-button-link elementor-size-sm\" href=\"https:\/\/web.nas.dewwwe.com\/Ecco-Eco\/lagence\/\">\n\t\t\t\t\t\t<span class=\"elementor-button-content-wrapper\">\n\t\t\t\t\t\t\t\t\t<span class=\"elementor-button-text\">D\u00e9couvrir l'agence<\/span>\n\t\t\t\t\t<\/span>\n\t\t\t\t\t<\/a>\n\t\t\t\t<\/div>\n\t\t\t\t\t\t\t\t<\/div>\n\t\t\t\t<\/div>\n\t\t\t\t<\/div>\n\t\t<div class=\"elementor-element elementor-element-29c62b9 e-flex e-con-boxed e-con e-child\" data-id=\"29c62b9\" data-element_type=\"container\">\n\t\t\t\t\t<div class=\"e-con-inner\">\n\t\t\t\t<div class=\"elementor-element elementor-element-e63e3eb elementor-widget elementor-widget-image\" data-id=\"e63e3eb\" data-element_type=\"widget\" data-widget_type=\"image.default\">\n\t\t\t\t<div class=\"elementor-widget-container\">\n\t\t\t\t\t\t\t\t\t\t\t\t\t\t\t<img loading=\"lazy\" decoding=\"async\" width=\"227\" height=\"150\" src=\"https:\/\/web.nas.dewwwe.com\/Ecco-Eco\/wp-content\/uploads\/2025\/09\/Frugalite-heureuse-creativite-logo.png\" class=\"attachment-large size-large wp-image-609\" alt=\"\" \/>\t\t\t\t\t\t\t\t\t\t\t\t\t\t\t<\/div>\n\t\t\t\t<\/div>\n\t\t\t\t<div class=\"elementor-element elementor-element-45e8264 elementor-widget elementor-widget-image\" data-id=\"45e8264\" data-element_type=\"widget\" data-widget_type=\"image.default\">\n\t\t\t\t<div class=\"elementor-widget-container\">\n\t\t\t\t\t\t\t\t\t\t\t\t\t\t\t<img loading=\"lazy\" decoding=\"async\" width=\"150\" height=\"139\" src=\"https:\/\/web.nas.dewwwe.com\/Ecco-Eco\/wp-content\/uploads\/2025\/09\/Ville-amenagement-durable-logo.png\" class=\"attachment-large size-large wp-image-610\" alt=\"\" \/>\t\t\t\t\t\t\t\t\t\t\t\t\t\t\t<\/div>\n\t\t\t\t<\/div>\n\t\t\t\t<div class=\"elementor-element elementor-element-e75b163 elementor-widget elementor-widget-image\" data-id=\"e75b163\" data-element_type=\"widget\" data-widget_type=\"image.default\">\n\t\t\t\t<div class=\"elementor-widget-container\">\n\t\t\t\t\t\t\t\t\t\t\t\t\t\t\t<img loading=\"lazy\" decoding=\"async\" width=\"600\" height=\"300\" src=\"https:\/\/web.nas.dewwwe.com\/Ecco-Eco\/wp-content\/uploads\/2025\/05\/logo-ecco-eco-vert.png\" class=\"attachment-large size-large wp-image-16\" alt=\"Logo Ecco-eco - vert\" srcset=\"https:\/\/web.nas.dewwwe.com\/Ecco-Eco\/wp-content\/uploads\/2025\/05\/logo-ecco-eco-vert.png 600w, https:\/\/web.nas.dewwwe.com\/Ecco-Eco\/wp-content\/uploads\/2025\/05\/logo-ecco-eco-vert-300x150.png 300w, https:\/\/web.nas.dewwwe.com\/Ecco-Eco\/wp-content\/uploads\/2025\/05\/logo-ecco-eco-vert-200x100.png 200w, https:\/\/web.nas.dewwwe.com\/Ecco-Eco\/wp-content\/uploads\/2025\/05\/logo-ecco-eco-vert-100x50.png 100w, https:\/\/web.nas.dewwwe.com\/Ecco-Eco\/wp-content\/uploads\/2025\/05\/logo-ecco-eco-vert-440x220.png 440w, https:\/\/web.nas.dewwwe.com\/Ecco-Eco\/wp-content\/uploads\/2025\/05\/logo-ecco-eco-vert-220x110.png 220w, https:\/\/web.nas.dewwwe.com\/Ecco-Eco\/wp-content\/uploads\/2025\/05\/logo-ecco-eco-vert-360x180.png 360w, https:\/\/web.nas.dewwwe.com\/Ecco-Eco\/wp-content\/uploads\/2025\/05\/logo-ecco-eco-vert-180x90.png 180w\" sizes=\"(max-width: 600px) 100vw, 600px\" \/>\t\t\t\t\t\t\t\t\t\t\t\t\t\t\t<\/div>\n\t\t\t\t<\/div>\n\t\t\t\t\t<\/div>\n\t\t\t\t<\/div>\n\t\t\t\t<\/div>\n\t\t\t\t<\/div>\n\t\t","protected":false},"excerpt":{"rendered":"<p>Ma nouvelle article Voici mon texte Architecture Frugale &#8211; 20 Examples de R\u00e9habilitation en Auvergne Rh\u00f4ne-Alpes Adherente de Frugale Heureuse &#8211; Association d&rsquo;architecture de frugalit\u00e9. Concevoir un lieu \u00e9cologique Ce &hellip; <a class=\"kt-excerpt-readmore more-link\" href=\"https:\/\/web.nas.dewwwe.com\/Ecco-Eco\/article-journal-bref-rhone-alpes-auvergne\/\">Lire plus<\/a><\/p>\n","protected":false},"author":1,"featured_media":0,"parent":0,"menu_order":0,"comment_status":"closed","ping_status":"closed","template":"elementor_theme","meta":{"_acf_changed":false,"footnotes":""},"class_list":["post-7","page","type-page","status-publish","hentry"],"acf":[],"_links":{"self":[{"href":"https:\/\/web.nas.dewwwe.com\/Ecco-Eco\/wp-json\/wp\/v2\/pages\/7","targetHints":{"allow":["GET"]}}],"collection":[{"href":"https:\/\/web.nas.dewwwe.com\/Ecco-Eco\/wp-json\/wp\/v2\/pages"}],"about":[{"href":"https:\/\/web.nas.dewwwe.com\/Ecco-Eco\/wp-json\/wp\/v2\/types\/page"}],"author":[{"embeddable":true,"href":"https:\/\/web.nas.dewwwe.com\/Ecco-Eco\/wp-json\/wp\/v2\/users\/1"}],"replies":[{"embeddable":true,"href":"https:\/\/web.nas.dewwwe.com\/Ecco-Eco\/wp-json\/wp\/v2\/comments?post=7"}],"version-history":[{"count":160,"href":"https:\/\/web.nas.dewwwe.com\/Ecco-Eco\/wp-json\/wp\/v2\/pages\/7\/revisions"}],"predecessor-version":[{"id":649,"href":"https:\/\/web.nas.dewwwe.com\/Ecco-Eco\/wp-json\/wp\/v2\/pages\/7\/revisions\/649"}],"wp:attachment":[{"href":"https:\/\/web.nas.dewwwe.com\/Ecco-Eco\/wp-json\/wp\/v2\/media?parent=7"}],"curies":[{"name":"wp","href":"https:\/\/api.w.org\/{rel}","templated":true}]}}